{"id":9,"date":"2020-02-21T09:30:56","date_gmt":"2020-02-21T09:30:56","guid":{"rendered":"https:\/\/dj-masters.com\/?page_id=9"},"modified":"2024-01-28T11:51:04","modified_gmt":"2024-01-28T11:51:04","slug":"o-nas","status":"publish","type":"page","link":"https:\/\/dj-masters.com\/?page_id=9","title":{"rendered":"O nas"},"content":{"rendered":"\n<p>Oferujemy Pa\u0144stwu obs\u0142ug\u0119 muzyczn\u0105 wszelkich uroczysto\u015bci: wesela, imprezy okoliczno\u015bciowe, bale, 18-stki, imprezy firmowe itp. Imprezy obs\u0142ugujemy w duecie.<br>Posiadamy w\u0142asne profesjonalne nag\u0142o\u015bnienie, o\u015bwietlenie sceniczne (g\u0142owy ruchome, lasery, wytwornic\u0119 lekkiego dymu). <br>Dysponujemy ogromnym napisem<strong> LOVE<\/strong> oraz dekorujemy sal\u0119 \u015bwiat\u0142em <strong>LED<\/strong><br>Mo\u017cecie Pa\u0144stwo skorzysta\u0107 r\u00f3wnie\u017c z oprawy muzycznej<strong> DJ + Us\u0142ugi Muzyczne Zesp\u00f3\u0142 MASTERS<\/strong> w duecie lub w sk\u0142adzie 5-cio osobowym. Wi\u0119cej informacji na stronie <a href=\"http:\/\/masters.xn.pl\">www.masters.xn.pl<\/a><\/p>\n\n\n\n<p>Zapraszamy<br><strong><a href=\"http:\/\/DJ-MASTERS.COM\" data-type=\"link\" data-id=\"DJ-MASTERS.COM\">DJ-MASTERS.COM<\/a><\/strong><\/p>\n\n\n\n<figure class=\"wp-block-gallery has-nested-images columns-default is-cropped wp-block-gallery-1 is-layout-flex wp-block-gallery-is-layout-flex\">\n<figure class=\"wp-block-image size-full\"><img fetchpriority=\"high\" decoding=\"async\" width=\"960\" height=\"720\" data-id=\"127\" src=\"https:\/\/dj-masters.com\/wp-content\/uploads\/2024\/01\/19250863_299769877150629_6044189018889127638_o.jpg\" alt=\"\" class=\"wp-image-127\" srcset=\"https:\/\/dj-masters.com\/wp-content\/uploads\/2024\/01\/19250863_299769877150629_6044189018889127638_o.jpg 960w, https:\/\/dj-masters.com\/wp-content\/uploads\/2024\/01\/19250863_299769877150629_6044189018889127638_o-300x225.jpg 300w, https:\/\/dj-masters.com\/wp-content\/uploads\/2024\/01\/19250863_299769877150629_6044189018889127638_o-768x576.jpg 768w\" sizes=\"(max-width: 767px) 89vw, (max-width: 1000px) 54vw, (max-width: 1071px) 543px, 580px\" \/><\/figure>\n\n\n\n<figure class=\"wp-block-image size-large\"><img decoding=\"async\" width=\"1024\" height=\"576\" data-id=\"80\" src=\"https:\/\/dj-masters.com\/wp-content\/uploads\/2020\/02\/DSC_0026-1-1024x576.jpg\" alt=\"\" class=\"wp-image-80\" srcset=\"https:\/\/dj-masters.com\/wp-content\/uploads\/2020\/02\/DSC_0026-1-1024x576.jpg 1024w, https:\/\/dj-masters.com\/wp-content\/uploads\/2020\/02\/DSC_0026-1-300x169.jpg 300w, https:\/\/dj-masters.com\/wp-content\/uploads\/2020\/02\/DSC_0026-1-768x432.jpg 768w, https:\/\/dj-masters.com\/wp-content\/uploads\/2020\/02\/DSC_0026-1-1536x864.jpg 1536w, https:\/\/dj-masters.com\/wp-content\/uploads\/2020\/02\/DSC_0026-1-2048x1152.jpg 2048w\" sizes=\"(max-width: 767px) 89vw, (max-width: 1000px) 54vw, (max-width: 1071px) 543px, 580px\" \/><\/figure>\n\n\n\n<figure class=\"wp-block-image size-large\"><img decoding=\"async\" width=\"1024\" height=\"768\" data-id=\"128\" src=\"https:\/\/dj-masters.com\/wp-content\/uploads\/2024\/01\/20230916_161949-1024x768.jpg\" alt=\"\" class=\"wp-image-128\" srcset=\"https:\/\/dj-masters.com\/wp-content\/uploads\/2024\/01\/20230916_161949-1024x768.jpg 1024w, https:\/\/dj-masters.com\/wp-content\/uploads\/2024\/01\/20230916_161949-300x225.jpg 300w, https:\/\/dj-masters.com\/wp-content\/uploads\/2024\/01\/20230916_161949-768x576.jpg 768w, https:\/\/dj-masters.com\/wp-content\/uploads\/2024\/01\/20230916_161949-1536x1152.jpg 1536w, https:\/\/dj-masters.com\/wp-content\/uploads\/2024\/01\/20230916_161949-2048x1536.jpg 2048w\" sizes=\"(max-width: 767px) 89vw, (max-width: 1000px) 54vw, (max-width: 1071px) 543px, 580px\" \/><\/figure>\n\n\n\n<figure class=\"wp-block-image size-large\"><img loading=\"lazy\" decoding=\"async\" width=\"1024\" height=\"768\" data-id=\"83\" src=\"https:\/\/dj-masters.com\/wp-content\/uploads\/2020\/02\/IMG-20180701-WA0066-2-1024x768.jpg\" alt=\"\" class=\"wp-image-83\" srcset=\"https:\/\/dj-masters.com\/wp-content\/uploads\/2020\/02\/IMG-20180701-WA0066-2-1024x768.jpg 1024w, https:\/\/dj-masters.com\/wp-content\/uploads\/2020\/02\/IMG-20180701-WA0066-2-300x225.jpg 300w, https:\/\/dj-masters.com\/wp-content\/uploads\/2020\/02\/IMG-20180701-WA0066-2-768x576.jpg 768w, https:\/\/dj-masters.com\/wp-content\/uploads\/2020\/02\/IMG-20180701-WA0066-2-1536x1153.jpg 1536w, https:\/\/dj-masters.com\/wp-content\/uploads\/2020\/02\/IMG-20180701-WA0066-2.jpg 1599w\" sizes=\"(max-width: 767px) 89vw, (max-width: 1000px) 54vw, (max-width: 1071px) 543px, 580px\" \/><\/figure>\n\n\n\n<figure class=\"wp-block-image size-large\"><img loading=\"lazy\" decoding=\"async\" width=\"768\" height=\"1024\" data-id=\"84\" src=\"https:\/\/dj-masters.com\/wp-content\/uploads\/2020\/02\/IMG-20180701-WA0072-1-768x1024.jpg\" alt=\"\" class=\"wp-image-84\" srcset=\"https:\/\/dj-masters.com\/wp-content\/uploads\/2020\/02\/IMG-20180701-WA0072-1-768x1023.jpg 768w, https:\/\/dj-masters.com\/wp-content\/uploads\/2020\/02\/IMG-20180701-WA0072-1-225x300.jpg 225w, https:\/\/dj-masters.com\/wp-content\/uploads\/2020\/02\/IMG-20180701-WA0072-1-1153x1536.jpg 1153w, https:\/\/dj-masters.com\/wp-content\/uploads\/2020\/02\/IMG-20180701-WA0072-1.jpg 1200w\" sizes=\"(max-width: 767px) 89vw, (max-width: 1000px) 54vw, (max-width: 1071px) 543px, 580px\" \/><\/figure>\n\n\n\n<figure class=\"wp-block-image size-large\"><img loading=\"lazy\" decoding=\"async\" width=\"1024\" height=\"768\" data-id=\"85\" src=\"https:\/\/dj-masters.com\/wp-content\/uploads\/2020\/02\/IMG-20180701-WA0076-1-1024x768.jpg\" alt=\"\" class=\"wp-image-85\" srcset=\"https:\/\/dj-masters.com\/wp-content\/uploads\/2020\/02\/IMG-20180701-WA0076-1-1024x768.jpg 1024w, https:\/\/dj-masters.com\/wp-content\/uploads\/2020\/02\/IMG-20180701-WA0076-1-300x225.jpg 300w, https:\/\/dj-masters.com\/wp-content\/uploads\/2020\/02\/IMG-20180701-WA0076-1-768x576.jpg 768w, https:\/\/dj-masters.com\/wp-content\/uploads\/2020\/02\/IMG-20180701-WA0076-1-1536x1153.jpg 1536w, https:\/\/dj-masters.com\/wp-content\/uploads\/2020\/02\/IMG-20180701-WA0076-1.jpg 1599w\" sizes=\"(max-width: 767px) 89vw, (max-width: 1000px) 54vw, (max-width: 1071px) 543px, 580px\" \/><\/figure>\n\n\n\n<figure class=\"wp-block-image size-large\"><img loading=\"lazy\" decoding=\"async\" width=\"768\" height=\"1024\" data-id=\"87\" src=\"https:\/\/dj-masters.com\/wp-content\/uploads\/2020\/02\/IMG-20180917-WA00201-1-768x1024.jpg\" alt=\"\" class=\"wp-image-87\" srcset=\"https:\/\/dj-masters.com\/wp-content\/uploads\/2020\/02\/IMG-20180917-WA00201-1-768x1023.jpg 768w, https:\/\/dj-masters.com\/wp-content\/uploads\/2020\/02\/IMG-20180917-WA00201-1-225x300.jpg 225w, https:\/\/dj-masters.com\/wp-content\/uploads\/2020\/02\/IMG-20180917-WA00201-1-1153x1536.jpg 1153w, https:\/\/dj-masters.com\/wp-content\/uploads\/2020\/02\/IMG-20180917-WA00201-1.jpg 1200w\" sizes=\"(max-width: 767px) 89vw, (max-width: 1000px) 54vw, (max-width: 1071px) 543px, 580px\" \/><\/figure>\n\n\n\n<figure class=\"wp-block-image size-large\"><img loading=\"lazy\" decoding=\"async\" width=\"1024\" height=\"683\" data-id=\"89\" src=\"https:\/\/dj-masters.com\/wp-content\/uploads\/2020\/02\/34465_5-1.jpg\" alt=\"\" class=\"wp-image-89\" srcset=\"https:\/\/dj-masters.com\/wp-content\/uploads\/2020\/02\/34465_5-1.jpg 1024w, https:\/\/dj-masters.com\/wp-content\/uploads\/2020\/02\/34465_5-1-300x200.jpg 300w, https:\/\/dj-masters.com\/wp-content\/uploads\/2020\/02\/34465_5-1-768x512.jpg 768w\" sizes=\"(max-width: 767px) 89vw, (max-width: 1000px) 54vw, (max-width: 1071px) 543px, 580px\" \/><\/figure>\n<\/figure>\n\n\n\n<figure class=\"wp-block-gallery has-nested-images columns-default is-cropped wp-block-gallery-2 is-layout-flex wp-block-gallery-is-layout-flex\">\n<figure class=\"wp-block-image size-large\"><img loading=\"lazy\" decoding=\"async\" width=\"960\" height=\"480\" data-id=\"124\" src=\"https:\/\/dj-masters.com\/wp-content\/uploads\/2024\/01\/36474005_459971567797125_3082791469094797312_o.jpg\" alt=\"\" class=\"wp-image-124\" srcset=\"https:\/\/dj-masters.com\/wp-content\/uploads\/2024\/01\/36474005_459971567797125_3082791469094797312_o.jpg 960w, https:\/\/dj-masters.com\/wp-content\/uploads\/2024\/01\/36474005_459971567797125_3082791469094797312_o-300x150.jpg 300w, https:\/\/dj-masters.com\/wp-content\/uploads\/2024\/01\/36474005_459971567797125_3082791469094797312_o-768x384.jpg 768w\" sizes=\"(max-width: 767px) 89vw, (max-width: 1000px) 54vw, (max-width: 1071px) 543px, 580px\" \/><\/figure>\n\n\n\n<figure class=\"wp-block-image size-large\"><img loading=\"lazy\" decoding=\"async\" width=\"960\" height=\"470\" data-id=\"126\" src=\"https:\/\/dj-masters.com\/wp-content\/uploads\/2024\/01\/40797602_525852237875724_2649253497391808512_o-e1582220667293.jpg\" alt=\"\" class=\"wp-image-126\" srcset=\"https:\/\/dj-masters.com\/wp-content\/uploads\/2024\/01\/40797602_525852237875724_2649253497391808512_o-e1582220667293.jpg 960w, https:\/\/dj-masters.com\/wp-content\/uploads\/2024\/01\/40797602_525852237875724_2649253497391808512_o-e1582220667293-300x147.jpg 300w, https:\/\/dj-masters.com\/wp-content\/uploads\/2024\/01\/40797602_525852237875724_2649253497391808512_o-e1582220667293-768x376.jpg 768w\" sizes=\"(max-width: 767px) 89vw, (max-width: 1000px) 54vw, (max-width: 1071px) 543px, 580px\" \/><\/figure>\n\n\n\n<figure class=\"wp-block-image size-large\"><img loading=\"lazy\" decoding=\"async\" width=\"960\" height=\"480\" data-id=\"122\" src=\"https:\/\/dj-masters.com\/wp-content\/uploads\/2024\/01\/36523635_459962507798031_3799967096750735360_o.jpg\" alt=\"\" class=\"wp-image-122\" srcset=\"https:\/\/dj-masters.com\/wp-content\/uploads\/2024\/01\/36523635_459962507798031_3799967096750735360_o.jpg 960w, https:\/\/dj-masters.com\/wp-content\/uploads\/2024\/01\/36523635_459962507798031_3799967096750735360_o-300x150.jpg 300w, https:\/\/dj-masters.com\/wp-content\/uploads\/2024\/01\/36523635_459962507798031_3799967096750735360_o-768x384.jpg 768w\" sizes=\"(max-width: 767px) 89vw, (max-width: 1000px) 54vw, (max-width: 1071px) 543px, 580px\" \/><\/figure>\n\n\n\n<figure class=\"wp-block-image size-large\"><img loading=\"lazy\" decoding=\"async\" width=\"960\" height=\"592\" data-id=\"118\" src=\"https:\/\/dj-masters.com\/wp-content\/uploads\/2024\/01\/41858718_535239710270310_1372187986023677952_o.jpg\" alt=\"\" class=\"wp-image-118\" srcset=\"https:\/\/dj-masters.com\/wp-content\/uploads\/2024\/01\/41858718_535239710270310_1372187986023677952_o.jpg 960w, https:\/\/dj-masters.com\/wp-content\/uploads\/2024\/01\/41858718_535239710270310_1372187986023677952_o-300x185.jpg 300w, https:\/\/dj-masters.com\/wp-content\/uploads\/2024\/01\/41858718_535239710270310_1372187986023677952_o-768x474.jpg 768w\" sizes=\"(max-width: 767px) 89vw, (max-width: 1000px) 54vw, (max-width: 1071px) 543px, 580px\" \/><\/figure>\n\n\n\n<figure class=\"wp-block-image size-large\"><img loading=\"lazy\" decoding=\"async\" width=\"566\" height=\"379\" data-id=\"119\" src=\"https:\/\/dj-masters.com\/wp-content\/uploads\/2024\/01\/14517363_134266870367598_4851494423077624392_n.jpg\" alt=\"\" class=\"wp-image-119\" srcset=\"https:\/\/dj-masters.com\/wp-content\/uploads\/2024\/01\/14517363_134266870367598_4851494423077624392_n.jpg 566w, https:\/\/dj-masters.com\/wp-content\/uploads\/2024\/01\/14517363_134266870367598_4851494423077624392_n-300x201.jpg 300w\" sizes=\"(max-width: 566px) 100vw, 566px\" \/><\/figure>\n\n\n\n<figure class=\"wp-block-image size-large\"><img fetchpriority=\"high\" decoding=\"async\" width=\"960\" height=\"720\" data-id=\"127\" src=\"https:\/\/dj-masters.com\/wp-content\/uploads\/2024\/01\/19250863_299769877150629_6044189018889127638_o.jpg\" alt=\"\" class=\"wp-image-127\" srcset=\"https:\/\/dj-masters.com\/wp-content\/uploads\/2024\/01\/19250863_299769877150629_6044189018889127638_o.jpg 960w, https:\/\/dj-masters.com\/wp-content\/uploads\/2024\/01\/19250863_299769877150629_6044189018889127638_o-300x225.jpg 300w, https:\/\/dj-masters.com\/wp-content\/uploads\/2024\/01\/19250863_299769877150629_6044189018889127638_o-768x576.jpg 768w\" sizes=\"(max-width: 767px) 89vw, (max-width: 1000px) 54vw, (max-width: 1071px) 543px, 580px\" \/><\/figure>\n\n\n\n<figure class=\"wp-block-image size-full\"><img loading=\"lazy\" decoding=\"async\" width=\"960\" height=\"480\" data-id=\"124\" src=\"https:\/\/dj-masters.com\/wp-content\/uploads\/2024\/01\/36474005_459971567797125_3082791469094797312_o.jpg\" alt=\"\" class=\"wp-image-124\" srcset=\"https:\/\/dj-masters.com\/wp-content\/uploads\/2024\/01\/36474005_459971567797125_3082791469094797312_o.jpg 960w, https:\/\/dj-masters.com\/wp-content\/uploads\/2024\/01\/36474005_459971567797125_3082791469094797312_o-300x150.jpg 300w, https:\/\/dj-masters.com\/wp-content\/uploads\/2024\/01\/36474005_459971567797125_3082791469094797312_o-768x384.jpg 768w\" sizes=\"(max-width: 767px) 89vw, (max-width: 1000px) 54vw, (max-width: 1071px) 543px, 580px\" \/><\/figure>\n<\/figure>\n","protected":false},"excerpt":{"rendered":"<p>Oferujemy Pa\u0144stwu obs\u0142ug\u0119 muzyczn\u0105 wszelkich uroczysto\u015bci: wesela, imprezy okoliczno\u015bciowe, bale, 18-stki, imprezy firmowe itp. Imprezy obs\u0142ugujemy w duecie.Posiadamy w\u0142asne profesjonalne nag\u0142o\u015bnienie, o\u015bwietlenie sceniczne (g\u0142owy ruchome, lasery, wytwornic\u0119 lekkiego dymu). Dysponujemy ogromnym napisem LOVE oraz dekorujemy sal\u0119 \u015bwiat\u0142em LEDMo\u017cecie Pa\u0144stwo skorzysta\u0107 r\u00f3wnie\u017c z oprawy muzycznej DJ + Us\u0142ugi Muzyczne Zesp\u00f3\u0142 MASTERS w duecie lub w sk\u0142adzie &hellip; <\/p>\n<p class=\"link-more\"><a href=\"https:\/\/dj-masters.com\/?page_id=9\" class=\"more-link\">Czytaj dalej<span class=\"screen-reader-text\"> \u201eO nas\u201d<\/span><\/a><\/p>\n","protected":false},"author":1,"featured_media":58,"parent":0,"menu_order":0,"comment_status":"closed","ping_status":"closed","template":"","meta":{"footnotes":""},"class_list":["post-9","page","type-page","status-publish","has-post-thumbnail","hentry"],"_links":{"self":[{"href":"https:\/\/dj-masters.com\/index.php?rest_route=\/wp\/v2\/pages\/9","targetHints":{"allow":["GET"]}}],"collection":[{"href":"https:\/\/dj-masters.com\/index.php?rest_route=\/wp\/v2\/pages"}],"about":[{"href":"https:\/\/dj-masters.com\/index.php?rest_route=\/wp\/v2\/types\/page"}],"author":[{"embeddable":true,"href":"https:\/\/dj-masters.com\/index.php?rest_route=\/wp\/v2\/users\/1"}],"replies":[{"embeddable":true,"href":"https:\/\/dj-masters.com\/index.php?rest_route=%2Fwp%2Fv2%2Fcomments&post=9"}],"version-history":[{"count":8,"href":"https:\/\/dj-masters.com\/index.php?rest_route=\/wp\/v2\/pages\/9\/revisions"}],"predecessor-version":[{"id":131,"href":"https:\/\/dj-masters.com\/index.php?rest_route=\/wp\/v2\/pages\/9\/revisions\/131"}],"wp:featuredmedia":[{"embeddable":true,"href":"https:\/\/dj-masters.com\/index.php?rest_route=\/wp\/v2\/media\/58"}],"wp:attachment":[{"href":"https:\/\/dj-masters.com\/index.php?rest_route=%2Fwp%2Fv2%2Fmedia&parent=9"}],"curies":[{"name":"wp","href":"https:\/\/api.w.org\/{rel}","templated":true}]}}