{"id":10,"date":"2020-02-21T09:30:56","date_gmt":"2020-02-21T09:30:56","guid":{"rendered":"https:\/\/dj-masters.com\/?page_id=10"},"modified":"2024-01-28T11:14:46","modified_gmt":"2024-01-28T11:14:46","slug":"kontakt","status":"publish","type":"page","link":"https:\/\/dj-masters.com\/?page_id=10","title":{"rendered":"Kontakt"},"content":{"rendered":"\t\t<div data-elementor-type=\"wp-page\" data-elementor-id=\"10\" class=\"elementor elementor-10\">\n\t\t\t\t\t\t\t\t\t<section class=\"elementor-section elementor-top-section elementor-element elementor-element-301c1414 elementor-section-boxed elementor-section-height-default elementor-section-height-default\" data-id=\"301c1414\" data-element_type=\"section\">\n\t\t\t\t\t\t<div class=\"elementor-container elementor-column-gap-default\">\n\t\t\t\t\t<div class=\"elementor-column elementor-col-100 elementor-top-column elementor-element elementor-element-735c15f6\" data-id=\"735c15f6\" data-element_type=\"column\">\n\t\t\t<div class=\"elementor-widget-wrap elementor-element-populated\">\n\t\t\t\t\t\t\t\t<div class=\"elementor-element elementor-element-2ddfa90a elementor-widget elementor-widget-text-editor\" data-id=\"2ddfa90a\" data-element_type=\"widget\" data-widget_type=\"text-editor.default\">\n\t\t\t\t<div class=\"elementor-widget-container\">\n\t\t\t\t\t\t\t<!-- wp:paragraph -->\n<p>Zapraszamy do kontaktu<\/p>\n<!-- \/wp:paragraph --><!-- wp:paragraph -->\n<p><strong>DJ-MASTERS.COM<\/strong><br \/>ul. Migda\u0142owa 5<br \/>97-310 Rak\u00f3w Du\u017cy<br \/>tel. 604753532<br \/><a href=\"mailto:masters-vip@tlen.pl\">masters-vip@tlen.pl<\/a><br \/><a href=\"http:\/\/dj-masters.com\">dj-masters.com<\/a><\/p>\n<!-- \/wp:paragraph -->\t\t\t\t\t\t<\/div>\n\t\t\t\t<\/div>\n\t\t\t\t\t<\/div>\n\t\t<\/div>\n\t\t\t\t\t\t\t<\/div>\n\t\t<\/section>\n\t\t\t\t<section class=\"elementor-section elementor-top-section elementor-element elementor-element-e0c0a0f elementor-section-boxed elementor-section-height-default elementor-section-height-default\" data-id=\"e0c0a0f\" data-element_type=\"section\">\n\t\t\t\t\t\t<div class=\"elementor-container elementor-column-gap-default\">\n\t\t\t\t\t<div class=\"elementor-column elementor-col-100 elementor-top-column elementor-element elementor-element-6cf7240\" data-id=\"6cf7240\" data-element_type=\"column\">\n\t\t\t<div class=\"elementor-widget-wrap elementor-element-populated\">\n\t\t\t\t\t\t\t\t<div class=\"elementor-element elementor-element-0d9981a elementor-widget elementor-widget-google_maps\" data-id=\"0d9981a\" data-element_type=\"widget\" data-widget_type=\"google_maps.default\">\n\t\t\t\t<div class=\"elementor-widget-container\">\n\t\t\t\t\t<div class=\"elementor-custom-embed\">\n\t\t\t<iframe loading=\"lazy\"\n\t\t\t\t\tsrc=\"https:\/\/maps.google.com\/maps?q=ul.%20Migda%C5%82owa%205%20Rak%C3%B3w%20Du%C5%BCy&#038;t=m&#038;z=10&#038;output=embed&#038;iwloc=near\"\n\t\t\t\t\ttitle=\"ul. Migda\u0142owa 5 Rak\u00f3w Du\u017cy\"\n\t\t\t\t\taria-label=\"ul. Migda\u0142owa 5 Rak\u00f3w Du\u017cy\"\n\t\t\t><\/iframe>\n\t\t<\/div>\n\t\t\t\t<\/div>\n\t\t\t\t<\/div>\n\t\t\t\t\t<\/div>\n\t\t<\/div>\n\t\t\t\t\t\t\t<\/div>\n\t\t<\/section>\n\t\t\t\t\t\t\t<\/div>\n\t\t","protected":false},"excerpt":{"rendered":"<p>Zapraszamy do kontaktu DJ-MASTERS.COMul. Migda\u0142owa 597-310 Rak\u00f3w Du\u017cytel. 604753532masters-vip@tlen.pldj-masters.com<\/p>\n","protected":false},"author":1,"featured_media":87,"parent":0,"menu_order":0,"comment_status":"closed","ping_status":"closed","template":"","meta":{"footnotes":""},"class_list":["post-10","page","type-page","status-publish","has-post-thumbnail","hentry"],"_links":{"self":[{"href":"https:\/\/dj-masters.com\/index.php?rest_route=\/wp\/v2\/pages\/10","targetHints":{"allow":["GET"]}}],"collection":[{"href":"https:\/\/dj-masters.com\/index.php?rest_route=\/wp\/v2\/pages"}],"about":[{"href":"https:\/\/dj-masters.com\/index.php?rest_route=\/wp\/v2\/types\/page"}],"author":[{"embeddable":true,"href":"https:\/\/dj-masters.com\/index.php?rest_route=\/wp\/v2\/users\/1"}],"replies":[{"embeddable":true,"href":"https:\/\/dj-masters.com\/index.php?rest_route=%2Fwp%2Fv2%2Fcomments&post=10"}],"version-history":[{"count":7,"href":"https:\/\/dj-masters.com\/index.php?rest_route=\/wp\/v2\/pages\/10\/revisions"}],"predecessor-version":[{"id":106,"href":"https:\/\/dj-masters.com\/index.php?rest_route=\/wp\/v2\/pages\/10\/revisions\/106"}],"wp:featuredmedia":[{"embeddable":true,"href":"https:\/\/dj-masters.com\/index.php?rest_route=\/wp\/v2\/media\/87"}],"wp:attachment":[{"href":"https:\/\/dj-masters.com\/index.php?rest_route=%2Fwp%2Fv2%2Fmedia&parent=10"}],"curies":[{"name":"wp","href":"https:\/\/api.w.org\/{rel}","templated":true}]}}